{"id":10447,"date":"2024-04-26T18:41:03","date_gmt":"2024-04-26T16:41:03","guid":{"rendered":"https:\/\/vinylroute.com\/tienda\/?post_type=product&#038;p=10447"},"modified":"2024-10-12T19:49:01","modified_gmt":"2024-10-12T17:49:01","slug":"los-modelos-dias-y-noches-2024","status":"publish","type":"product","link":"https:\/\/vinylroute.com\/tienda\/producto\/los-modelos-dias-y-noches-2024\/","title":{"rendered":"Los Modelos &#8211; D\u00edas y noches &#8211; 2024"},"content":{"rendered":"<p>Que una banda que surgi\u00f3 en los a\u00f1os 80 presente su primer disco es un notici\u00f3n. Y eso es lo que va a pasar el 26 de abril con Los Modelos.<\/p>\n<p>Ram\u00f3n, Casilda y Tota tuvieron mala suerte hace 45 a\u00f1os. Empezaron a sonar con fuerza, pero nunca llegaron a grabar.<\/p>\n<p>Con el tiempo, sali\u00f3 un vinilo con seis maquetas -hoy muy buscado- y Los Modelos, ya cada uno por su lado, siguieron sonando en los buenos bares hasta hoy.<\/p>\n<p>Ahora, por fin, y de la mano de Vinylroute, Los Modelos han grabado un LP en el que demuestran que si nunca nos olvidamos de ellos, por algo ser\u00eda.<\/p>\n<p>\u00abD\u00edas y noches\u00bb, t\u00edtulo del \u00e1lbum, contiene diez temas nuevos grabados para la ocasi\u00f3n. Un vinilo en edici\u00f3n numerada de s\u00f3lo 300 copias, producido por Carlos Rodr\u00edguez (Mam\u00e1) y masterizado por Jos\u00e9 Nortes.<\/p>\n","protected":false},"excerpt":{"rendered":"<p>\u00abD\u00edas y noches\u00bb, en el nuevo disco de Los Modelos. Contiene diez temas nuevos grabados para la ocasi\u00f3n. Un vinilo en edici\u00f3n numerada de 300 copias, producido por Carlos Rodr\u00edguez (Mam\u00e1) y masterizado por Jos\u00e9 Nortes.<\/p>\n<p>El vinilo est\u00e1 fabricado es una edici\u00f3n elegante de color blanco.<\/p>\n","protected":false},"featured_media":10448,"comment_status":"open","ping_status":"closed","template":"","meta":{"_monsterinsights_skip_tracking":false,"_monsterinsights_sitenote_active":false,"_monsterinsights_sitenote_note":"","_monsterinsights_sitenote_category":0},"product_cat":[84],"product_tag":[],"class_list":{"0":"post-10447","1":"product","2":"type-product","3":"status-publish","4":"has-post-thumbnail","6":"product_cat-produccion-vinylroute","8":"first","9":"instock","10":"featured","11":"purchasable","12":"product-type-simple"},"_links":{"self":[{"href":"https:\/\/vinylroute.com\/tienda\/wp-json\/wp\/v2\/product\/10447","targetHints":{"allow":["GET"]}}],"collection":[{"href":"https:\/\/vinylroute.com\/tienda\/wp-json\/wp\/v2\/product"}],"about":[{"href":"https:\/\/vinylroute.com\/tienda\/wp-json\/wp\/v2\/types\/product"}],"replies":[{"embeddable":true,"href":"https:\/\/vinylroute.com\/tienda\/wp-json\/wp\/v2\/comments?post=10447"}],"version-history":[{"count":2,"href":"https:\/\/vinylroute.com\/tienda\/wp-json\/wp\/v2\/product\/10447\/revisions"}],"predecessor-version":[{"id":10453,"href":"https:\/\/vinylroute.com\/tienda\/wp-json\/wp\/v2\/product\/10447\/revisions\/10453"}],"wp:featuredmedia":[{"embeddable":true,"href":"https:\/\/vinylroute.com\/tienda\/wp-json\/wp\/v2\/media\/10448"}],"wp:attachment":[{"href":"https:\/\/vinylroute.com\/tienda\/wp-json\/wp\/v2\/media?parent=10447"}],"wp:term":[{"taxonomy":"product_cat","embeddable":true,"href":"https:\/\/vinylroute.com\/tienda\/wp-json\/wp\/v2\/product_cat?post=10447"},{"taxonomy":"product_tag","embeddable":true,"href":"https:\/\/vinylroute.com\/tienda\/wp-json\/wp\/v2\/product_tag?post=10447"}],"curies":[{"name":"wp","href":"https:\/\/api.w.org\/{rel}","templated":true}]}}