{"id":10553,"date":"2024-04-08T21:31:05","date_gmt":"2024-04-08T19:31:05","guid":{"rendered":"https:\/\/vinylroute.com\/tienda\/?post_type=product&#038;p=10553"},"modified":"2026-04-07T10:32:23","modified_gmt":"2026-04-07T08:32:23","slug":"tos-tos-reedicion-2022","status":"publish","type":"product","link":"https:\/\/vinylroute.com\/tienda\/producto\/tos-tos-reedicion-2022\/","title":{"rendered":"TOS &#8211; TOS &#8211; Reedici\u00f3n 2022"},"content":{"rendered":"<p>1. M\u00e1quinas <br \/>2. Snoopy Y Olga<br \/>3. Por ti <br \/>4. D\u00e9jame <br \/>5. Me Aburro <br \/>6. No Llores <\/p>\n<p>Tos fue un grupo de m\u00fasica pop espa\u00f1ol creado en 1978 en Madrid por el bater\u00eda y cantante Jos\u00e9 Enrique Cano (Canito), y los tres hermanos Urquijo: Javier (guitarra solista), Enrique (voz y bajo) y \u00c1lvaro (guitarra).<\/p>\n<p>A medida que fueron dando conciertos (en institutos o colegios mayores) y sus temas iban siendo retransmitidos por radio (por mediaci\u00f3n de Julio Ruiz en Disco Grande, entonces en Popular FM, que estren\u00f3 su primera maqueta y Gonzalo Garrido y Jes\u00fas Ordov\u00e1s, en Onda 2, cadena antecesora de Radio 3), Tos, agrupaci\u00f3n influida en sus or\u00edgenes por la m\u00fasica de conjuntos estadounidenses tales como The Byrds o Crosby, Still, Nash &amp; Young, empez\u00f3 a ser m\u00e1s conocida.<\/p>\n<p>La inesperada muerte de su componente Canito, tras un accidente de tr\u00e1fico en la Nochevieja de 1979, caus\u00f3 la disoluci\u00f3n del grupo. Poco tiempo despu\u00e9s, los hermanos Urquijo refundaron la banda con otro bater\u00eda, Pedro A. D\u00edaz (que fallecer\u00eda tambi\u00e9n en accidente de tr\u00e1fico cuatro a\u00f1os despu\u00e9s), y un nuevo nombre, Los Secretos.<\/p>\n","protected":false},"excerpt":{"rendered":"<p>Esta reedici\u00f3n de Snap Record contiene las 4 canciones de aquel 7&#8243; EP junto a las versiones originales de \u00abD\u00e9jame\u00bb y \u00abMe Aburro\u00bb, antes nunca editadas en vinilo, y una contraportada totalmente distinta a la original con funda interior impresa.<\/p>\n","protected":false},"featured_media":10554,"comment_status":"closed","ping_status":"closed","template":"","meta":{"_monsterinsights_skip_tracking":false,"_monsterinsights_sitenote_active":false,"_monsterinsights_sitenote_note":"","_monsterinsights_sitenote_category":0},"product_cat":[84],"product_tag":[],"class_list":{"0":"post-10553","1":"product","2":"type-product","3":"status-publish","4":"has-post-thumbnail","6":"product_cat-produccion-vinylroute","8":"first","9":"instock","10":"purchasable","11":"product-type-simple"},"_links":{"self":[{"href":"https:\/\/vinylroute.com\/tienda\/wp-json\/wp\/v2\/product\/10553","targetHints":{"allow":["GET"]}}],"collection":[{"href":"https:\/\/vinylroute.com\/tienda\/wp-json\/wp\/v2\/product"}],"about":[{"href":"https:\/\/vinylroute.com\/tienda\/wp-json\/wp\/v2\/types\/product"}],"replies":[{"embeddable":true,"href":"https:\/\/vinylroute.com\/tienda\/wp-json\/wp\/v2\/comments?post=10553"}],"version-history":[{"count":1,"href":"https:\/\/vinylroute.com\/tienda\/wp-json\/wp\/v2\/product\/10553\/revisions"}],"predecessor-version":[{"id":10556,"href":"https:\/\/vinylroute.com\/tienda\/wp-json\/wp\/v2\/product\/10553\/revisions\/10556"}],"wp:featuredmedia":[{"embeddable":true,"href":"https:\/\/vinylroute.com\/tienda\/wp-json\/wp\/v2\/media\/10554"}],"wp:attachment":[{"href":"https:\/\/vinylroute.com\/tienda\/wp-json\/wp\/v2\/media?parent=10553"}],"wp:term":[{"taxonomy":"product_cat","embeddable":true,"href":"https:\/\/vinylroute.com\/tienda\/wp-json\/wp\/v2\/product_cat?post=10553"},{"taxonomy":"product_tag","embeddable":true,"href":"https:\/\/vinylroute.com\/tienda\/wp-json\/wp\/v2\/product_tag?post=10553"}],"curies":[{"name":"wp","href":"https:\/\/api.w.org\/{rel}","templated":true}]}}