{"id":10617,"date":"2024-05-29T08:18:50","date_gmt":"2024-05-29T06:18:50","guid":{"rendered":"https:\/\/vinylroute.com\/tienda\/?post_type=product&#038;p=10617"},"modified":"2024-10-12T19:01:48","modified_gmt":"2024-10-12T17:01:48","slug":"la-granja-la-granja-2024","status":"publish","type":"product","link":"https:\/\/vinylroute.com\/tienda\/producto\/la-granja-la-granja-2024\/","title":{"rendered":"La Granja &#8211; La Granja &#8211; 2024"},"content":{"rendered":"<p>La Granja vuelve a la carga. Cuatro temas nuevos de nuestro grupo preferido de Power Pop.\u00a0<\/p>\n<p>La esencia de la granja permanece viva. Sus ganas de hacer buena m\u00fasica, intactas. Los temas que contiene son:<\/p>\n<p>El eterno verano.<br \/>Empezar de cero.<br \/>Lo decimos los dos.<br \/>No es la edad.<\/p>\n<p>El vinilo tiene un formato de 7 pulgadas.<\/p>\n","protected":false},"excerpt":{"rendered":"<p>Ya puedes comprar el nuevo disco de la granja. Despu\u00e9s de 20 a\u00f1os los granjeros vuelven a la carga con un EP de cuatro temas que est\u00e1 disponible en la tienda de Vinylroute.\u00a0<\/p>\n","protected":false},"featured_media":10616,"comment_status":"open","ping_status":"closed","template":"","meta":{"_monsterinsights_skip_tracking":false,"_monsterinsights_sitenote_active":false,"_monsterinsights_sitenote_note":"","_monsterinsights_sitenote_category":0},"product_cat":[84],"product_tag":[],"class_list":{"0":"post-10617","1":"product","2":"type-product","3":"status-publish","4":"has-post-thumbnail","6":"product_cat-produccion-vinylroute","8":"first","9":"instock","10":"featured","11":"purchasable","12":"product-type-simple"},"_links":{"self":[{"href":"https:\/\/vinylroute.com\/tienda\/wp-json\/wp\/v2\/product\/10617","targetHints":{"allow":["GET"]}}],"collection":[{"href":"https:\/\/vinylroute.com\/tienda\/wp-json\/wp\/v2\/product"}],"about":[{"href":"https:\/\/vinylroute.com\/tienda\/wp-json\/wp\/v2\/types\/product"}],"replies":[{"embeddable":true,"href":"https:\/\/vinylroute.com\/tienda\/wp-json\/wp\/v2\/comments?post=10617"}],"version-history":[{"count":4,"href":"https:\/\/vinylroute.com\/tienda\/wp-json\/wp\/v2\/product\/10617\/revisions"}],"predecessor-version":[{"id":10847,"href":"https:\/\/vinylroute.com\/tienda\/wp-json\/wp\/v2\/product\/10617\/revisions\/10847"}],"wp:featuredmedia":[{"embeddable":true,"href":"https:\/\/vinylroute.com\/tienda\/wp-json\/wp\/v2\/media\/10616"}],"wp:attachment":[{"href":"https:\/\/vinylroute.com\/tienda\/wp-json\/wp\/v2\/media?parent=10617"}],"wp:term":[{"taxonomy":"product_cat","embeddable":true,"href":"https:\/\/vinylroute.com\/tienda\/wp-json\/wp\/v2\/product_cat?post=10617"},{"taxonomy":"product_tag","embeddable":true,"href":"https:\/\/vinylroute.com\/tienda\/wp-json\/wp\/v2\/product_tag?post=10617"}],"curies":[{"name":"wp","href":"https:\/\/api.w.org\/{rel}","templated":true}]}}