{"id":11010,"date":"2024-04-04T19:38:19","date_gmt":"2024-04-04T17:38:19","guid":{"rendered":"https:\/\/vinylroute.com\/tienda\/?post_type=product&#038;p=11010"},"modified":"2026-01-26T21:53:34","modified_gmt":"2026-01-26T20:53:34","slug":"los-flechazos-un-bidon-de-gasolina-ep-2022-copia","status":"publish","type":"product","link":"https:\/\/vinylroute.com\/tienda\/producto\/los-flechazos-un-bidon-de-gasolina-ep-2022-copia\/","title":{"rendered":"Los Flechazos &#8211; Un Bid\u200b\u00f3\u200bn De Gasolina EP &#8211; 2022"},"content":{"rendered":"<p>1. -Un Bid\u00f3n De Gasolina<br \/>2.- No Sabes Bailar (Nobody But Me)<br \/>3. -Viviendo En La Era Pop<br \/>4.- Los Flechazos &#8211; Somebody Help Me<\/p>\n<p>Los Flechazos se forman en Le\u00f3n en 1986 contando en sus filas, junto a \u00c1lex, con Elena Iglesias, Pedro Javier Alonso, H\u00e9ctor Escobar y Jos\u00e9 Berrot. Tras un tiempo dando conciertos y su participaci\u00f3n en el \u00e1lbum colectivo \u201cTeloneros\u201d (DRO, 1987), en el que se inclu\u00eda una de sus mejores canciones, \u00abUn bid\u00f3n de gasolina\u00bb, lanzan su primer \u00e1lbum en solitario, \u201cViviendo en la Era Pop\u201d (DRO, 1986). Nada m\u00e1s les hizo falta para situarse en la primera l\u00ednea del movimiento en Espa\u00f1a, junto a otras bandas que ya ten\u00edan algo m\u00e1s de recorrido como Brighton 64 o Los Elegantes. A partir de este y los siguientes discos que lanzaron en DRO, Los Flechazos se preocuparon mucho de\u00a0mantener una imagen y un sonido propios pero fidedignos que pudieran servir de espejo en el que mirarse a la gente de la escena en el pa\u00eds.<\/p>\n<p>De este LP se ha extraido \u00abNo sabes bailar\u00bb, su versi\u00f3n en castellado del cl\u00e1sico \u00abNobody but me\u00bb popularizado en los 60 por los Human Beinz, adaptada por \u00c1lex. Tambi\u00e9n se incluyen \u00abViviendo en la era pop\u00bb y lo que fue la cara B de este single, la versi\u00f3n de \u00abSomebody Help Me\u00bb, original de Jackie Edwards y popularizada por Spencer Davis Group.<\/p>\n","protected":false},"excerpt":{"rendered":"<p>Se trata de una reedici\u00f3n de Snap Record que contiene las 3 canciones en formato 7\u00bb como en el original. Un Bid\u00f3n De Gasolina, No Sabes Bailar (Nobody But Me), Viviendo En La Era Pop, Los Flechazos &#8211; Somebody Help Me<\/p>\n","protected":false},"featured_media":11012,"comment_status":"closed","ping_status":"closed","template":"","meta":{"_monsterinsights_skip_tracking":false,"_monsterinsights_sitenote_active":false,"_monsterinsights_sitenote_note":"","_monsterinsights_sitenote_category":0},"product_cat":[84],"product_tag":[],"class_list":{"0":"post-11010","1":"product","2":"type-product","3":"status-publish","4":"has-post-thumbnail","6":"product_cat-produccion-vinylroute","8":"first","9":"outofstock","10":"purchasable","11":"product-type-simple"},"_links":{"self":[{"href":"https:\/\/vinylroute.com\/tienda\/wp-json\/wp\/v2\/product\/11010","targetHints":{"allow":["GET"]}}],"collection":[{"href":"https:\/\/vinylroute.com\/tienda\/wp-json\/wp\/v2\/product"}],"about":[{"href":"https:\/\/vinylroute.com\/tienda\/wp-json\/wp\/v2\/types\/product"}],"replies":[{"embeddable":true,"href":"https:\/\/vinylroute.com\/tienda\/wp-json\/wp\/v2\/comments?post=11010"}],"version-history":[{"count":2,"href":"https:\/\/vinylroute.com\/tienda\/wp-json\/wp\/v2\/product\/11010\/revisions"}],"predecessor-version":[{"id":11013,"href":"https:\/\/vinylroute.com\/tienda\/wp-json\/wp\/v2\/product\/11010\/revisions\/11013"}],"wp:featuredmedia":[{"embeddable":true,"href":"https:\/\/vinylroute.com\/tienda\/wp-json\/wp\/v2\/media\/11012"}],"wp:attachment":[{"href":"https:\/\/vinylroute.com\/tienda\/wp-json\/wp\/v2\/media?parent=11010"}],"wp:term":[{"taxonomy":"product_cat","embeddable":true,"href":"https:\/\/vinylroute.com\/tienda\/wp-json\/wp\/v2\/product_cat?post=11010"},{"taxonomy":"product_tag","embeddable":true,"href":"https:\/\/vinylroute.com\/tienda\/wp-json\/wp\/v2\/product_tag?post=11010"}],"curies":[{"name":"wp","href":"https:\/\/api.w.org\/{rel}","templated":true}]}}