{"id":11207,"date":"2025-12-31T11:12:14","date_gmt":"2025-12-31T10:12:14","guid":{"rendered":"https:\/\/vinylroute.com\/tienda\/?post_type=product&#038;p=11207"},"modified":"2026-04-12T10:47:50","modified_gmt":"2026-04-12T08:47:50","slug":"varios-tributo-a-david-summers-2025","status":"publish","type":"product","link":"https:\/\/vinylroute.com\/tienda\/producto\/varios-tributo-a-david-summers-2025\/","title":{"rendered":"Varios -Tributo a David Summers \u2013 2025"},"content":{"rendered":"<p>The Gachises, Los Nikis, Limones con Santi, Jes\u00fas y Ram\u00f3n de Los Secretos, Alarmantiks, The Follador\u2019s, Un Ping\u00fcino en mi Ascensor, Los Hermanos Dalton con Javier Ojeda, Enanitos Verdes, Miguel Costas con Nat Simons y Alarmantiks, Ecl\u00e9ctica, La Guardia y el comando formado por Sabino M\u00e9ndez, \u00d1ete Caruana, Tony Marmota y Manuel Silva se juntan en este disco para rendir homenaje a David Summers, <em>Rey del Pop<\/em> por decisi\u00f3n un\u00e1nime de VinylRoute.<\/p>\n<p>Cada uno ha elegido una pieza del universo Summers \u2013tanto de Hombres G como de su carrera en solitario\u2013 para llev\u00e1rsela a su terreno: <strong>Marta tiene un marcapasos, Venecia, Nassau, Devu\u00e9lveme a mi chica, La luna es m\u00eda, Dejad que las ni\u00f1as se acerquen a m\u00ed, Voy a pas\u00e1rmelo bien, Lo noto, El ataque de las chicas cocodrilo, Si no te tengo a ti, \u00bfPor qu\u00e9 no ser amigos? y Diciembre<\/strong> suenan aqu\u00ed con nuevas pieles, nuevos arreglos y la misma pegada de siempre. Un pu\u00f1ado de versiones grabadas, producidas y mezcladas desde el respeto y un cari\u00f1o evidente hacia las canciones y hacia quien les dio voz por primera vez. Un tributo de amigos a un compositor imprescindible del pop en castellano.<\/p>\n","protected":false},"excerpt":{"rendered":"<p>The Gachises, Los Nikis, Limones con Santi, Jes\u00fas y Ram\u00f3n de Los Secretos, Alarmantiks, The Follador\u2019s, Un Ping\u00fcino en mi Ascensor, Los Hermanos Dalton con Javier Ojeda, Enanitos Verdes, Miguel Costas con Nat Simons y Alarmantiks, Ecl\u00e9ctica, La Guardia y el comando formado por Sabino M\u00e9ndez, \u00d1ete Caruana, Tony Marmota y Manuel Silva se juntan en este disco para rendir homenaje a David Summers, <em>Rey del Pop<\/em> por decisi\u00f3n un\u00e1nime de VinylRoute.<\/p>\n<p>Cada uno ha elegido una pieza del universo Summers \u2013tanto de Hombres G como de su carrera en solitario\u2013 para llev\u00e1rsela a su terreno: <strong>Marta tiene un marcapasos, Venecia, Nassau, Devu\u00e9lveme a mi chica, La luna es m\u00eda, Dejad que las ni\u00f1as se acerquen a m\u00ed, Voy a pas\u00e1rmelo bien, Lo noto, El ataque de las chicas cocodrilo, Si no te tengo a ti, \u00bfPor qu\u00e9 no ser amigos? y Diciembre<\/strong> suenan aqu\u00ed con nuevas pieles, nuevos arreglos y la misma pegada de siempre. Un pu\u00f1ado de versiones grabadas, producidas y mezcladas desde el respeto y un cari\u00f1o evidente hacia las canciones y hacia quien les dio voz por primera vez. Un tributo de amigos a un compositor imprescindible del pop en castellano.<\/p>\n","protected":false},"featured_media":11210,"comment_status":"open","ping_status":"closed","template":"","meta":{"_monsterinsights_skip_tracking":false,"_monsterinsights_sitenote_active":false,"_monsterinsights_sitenote_note":"","_monsterinsights_sitenote_category":0},"product_cat":[84],"product_tag":[],"class_list":{"0":"post-11207","1":"product","2":"type-product","3":"status-publish","4":"has-post-thumbnail","6":"product_cat-produccion-vinylroute","8":"first","9":"instock","10":"purchasable","11":"product-type-simple"},"_links":{"self":[{"href":"https:\/\/vinylroute.com\/tienda\/wp-json\/wp\/v2\/product\/11207","targetHints":{"allow":["GET"]}}],"collection":[{"href":"https:\/\/vinylroute.com\/tienda\/wp-json\/wp\/v2\/product"}],"about":[{"href":"https:\/\/vinylroute.com\/tienda\/wp-json\/wp\/v2\/types\/product"}],"replies":[{"embeddable":true,"href":"https:\/\/vinylroute.com\/tienda\/wp-json\/wp\/v2\/comments?post=11207"}],"version-history":[{"count":2,"href":"https:\/\/vinylroute.com\/tienda\/wp-json\/wp\/v2\/product\/11207\/revisions"}],"predecessor-version":[{"id":11212,"href":"https:\/\/vinylroute.com\/tienda\/wp-json\/wp\/v2\/product\/11207\/revisions\/11212"}],"wp:featuredmedia":[{"embeddable":true,"href":"https:\/\/vinylroute.com\/tienda\/wp-json\/wp\/v2\/media\/11210"}],"wp:attachment":[{"href":"https:\/\/vinylroute.com\/tienda\/wp-json\/wp\/v2\/media?parent=11207"}],"wp:term":[{"taxonomy":"product_cat","embeddable":true,"href":"https:\/\/vinylroute.com\/tienda\/wp-json\/wp\/v2\/product_cat?post=11207"},{"taxonomy":"product_tag","embeddable":true,"href":"https:\/\/vinylroute.com\/tienda\/wp-json\/wp\/v2\/product_tag?post=11207"}],"curies":[{"name":"wp","href":"https:\/\/api.w.org\/{rel}","templated":true}]}}