{"id":9830,"date":"2024-01-29T10:37:35","date_gmt":"2024-01-29T09:37:35","guid":{"rendered":"https:\/\/vinylroute.com\/tienda\/?post_type=product&#038;p=9830"},"modified":"2024-04-27T17:33:19","modified_gmt":"2024-04-27T15:33:19","slug":"taza-enorme-vinylroute","status":"publish","type":"product","link":"https:\/\/vinylroute.com\/tienda\/producto\/taza-enorme-vinylroute\/","title":{"rendered":"Taza VinylRoute de cer\u00e1mica blanca"},"content":{"rendered":"<p>\u00a1Es la taza perfecta para disfrutar y regalar a cualquiera! Dise\u00f1o elegante en cer\u00e1mica blanca. Todo seguidor de VinylRoute que se precie debe desayunar con ella para empezar el d\u00eda con buen pie.<\/p>\n<p>Capacidad 300ml<\/p>\n","protected":false},"excerpt":{"rendered":"<p>\u00a1Es la taza perfecta para disfrutar y regalar a cualquiera! Dise\u00f1o elegante en cer\u00e1mica blanca. Todo seguidor de VinylRoute que se precie debe desayunar con ella para empezar el d\u00eda con buen pie.<\/p>\n<p>Capacidad 300ml<\/p>\n","protected":false},"featured_media":10455,"comment_status":"open","ping_status":"closed","template":"","meta":{"_monsterinsights_skip_tracking":false,"_monsterinsights_sitenote_active":false,"_monsterinsights_sitenote_note":"","_monsterinsights_sitenote_category":0},"product_cat":[85],"product_tag":[],"class_list":{"0":"post-9830","1":"product","2":"type-product","3":"status-publish","4":"has-post-thumbnail","6":"product_cat-merchand","8":"first","9":"instock","10":"purchasable","11":"product-type-simple"},"_links":{"self":[{"href":"https:\/\/vinylroute.com\/tienda\/wp-json\/wp\/v2\/product\/9830","targetHints":{"allow":["GET"]}}],"collection":[{"href":"https:\/\/vinylroute.com\/tienda\/wp-json\/wp\/v2\/product"}],"about":[{"href":"https:\/\/vinylroute.com\/tienda\/wp-json\/wp\/v2\/types\/product"}],"replies":[{"embeddable":true,"href":"https:\/\/vinylroute.com\/tienda\/wp-json\/wp\/v2\/comments?post=9830"}],"version-history":[{"count":3,"href":"https:\/\/vinylroute.com\/tienda\/wp-json\/wp\/v2\/product\/9830\/revisions"}],"predecessor-version":[{"id":10460,"href":"https:\/\/vinylroute.com\/tienda\/wp-json\/wp\/v2\/product\/9830\/revisions\/10460"}],"wp:featuredmedia":[{"embeddable":true,"href":"https:\/\/vinylroute.com\/tienda\/wp-json\/wp\/v2\/media\/10455"}],"wp:attachment":[{"href":"https:\/\/vinylroute.com\/tienda\/wp-json\/wp\/v2\/media?parent=9830"}],"wp:term":[{"taxonomy":"product_cat","embeddable":true,"href":"https:\/\/vinylroute.com\/tienda\/wp-json\/wp\/v2\/product_cat?post=9830"},{"taxonomy":"product_tag","embeddable":true,"href":"https:\/\/vinylroute.com\/tienda\/wp-json\/wp\/v2\/product_tag?post=9830"}],"curies":[{"name":"wp","href":"https:\/\/api.w.org\/{rel}","templated":true}]}}